{"id":113,"date":"2023-01-12T18:56:29","date_gmt":"2023-01-12T18:56:29","guid":{"rendered":"https:\/\/partnerschaftskreis-waltrop-cesson.de\/?page_id=113"},"modified":"2023-01-13T17:12:25","modified_gmt":"2023-01-13T17:12:25","slug":"satzung","status":"publish","type":"page","link":"https:\/\/partnerschaftskreis-waltrop-cesson.de\/fr\/verein\/satzung\/","title":{"rendered":"Satzung"},"content":{"rendered":"<p>[et_pb_section fb_built=&#8220;1&#8243; _builder_version=&#8220;4.19.4&#8243; _module_preset=&#8220;default&#8220; global_colors_info=&#8220;{}&#8220;][et_pb_row column_structure=&#8220;1_2,1_2&#8243; _builder_version=&#8220;4.19.4&#8243; _module_preset=&#8220;default&#8220; global_colors_info=&#8220;{}&#8220;][et_pb_column type=&#8220;1_2&#8243; _builder_version=&#8220;4.19.4&#8243; _module_preset=&#8220;default&#8220; global_colors_info=&#8220;{}&#8220;][et_pb_text _builder_version=&#8220;4.19.4&#8243; _module_preset=&#8220;default&#8220; global_colors_info=&#8220;{}&#8220;]<\/p>\n<h2 class=\"has-text-align-left wp-block-heading\">Satzung<\/h2>\n<p>[\/et_pb_text][et_pb_text _builder_version=&#8220;4.19.4&#8243; _module_preset=&#8220;default&#8220; global_colors_info=&#8220;{}&#8220;]<\/p>\n<div itemprop=\"location\" itemscope=\"\" itemtype=\"http:\/\/schema.org\/Organization\" class=\"wp-block-jetpack-contact-info\">Downloade unsere Vereinssatzung \u00fcber das nebenstehende Download-Icon.<\/div>\n<p>[\/et_pb_text][\/et_pb_column][et_pb_column type=&#8220;1_2&#8243; _builder_version=&#8220;4.19.4&#8243; _module_preset=&#8220;default&#8220; global_colors_info=&#8220;{}&#8220;][et_pb_icon font_icon=&#8220;&#xf1c1;||fa||900&#8243; icon_color=&#8220;#0C71C3&#8243; icon_width=&#8220;70px&#8220; url=&#8220;@ET-DC@eyJkeW5hbWljIjp0cnVlLCJjb250ZW50IjoicG9zdF9saW5rX3VybF9hdHRhY2htZW50Iiwic2V0dGluZ3MiOnsicG9zdF9pZCI6IjE0MiJ9fQ==@&#8220; url_new_window=&#8220;on&#8220; _builder_version=&#8220;4.19.4&#8243; _dynamic_attributes=&#8220;url&#8220; _module_preset=&#8220;default&#8220; custom_margin=&#8220;||0px|||&#8220; hover_enabled=&#8220;0&#8243; border_color_all=&#8220;#000000&#8243; global_colors_info=&#8220;{}&#8220; sticky_enabled=&#8220;0&#8243;][\/et_pb_icon][et_pb_text _builder_version=&#8220;4.19.4&#8243; _module_preset=&#8220;default&#8220; global_colors_info=&#8220;{}&#8220;]<\/p>\n<p style=\"text-align: center;\">Vereinssatzung<\/p>\n<p>[\/et_pb_text][\/et_pb_column][\/et_pb_row][\/et_pb_section]<\/p>\n","protected":false},"excerpt":{"rendered":"<p>SatzungDownloade unsere Vereinssatzung \u00fcber das nebenstehende Download-Icon.Vereinssatzung<\/p>","protected":false},"author":1,"featured_media":0,"parent":47,"menu_order":0,"comment_status":"closed","ping_status":"closed","template":"","meta":{"_et_pb_use_builder":"on","_et_pb_old_content":"<!-- wp:divi\/placeholder \/-->","_et_gb_content_width":"","footnotes":""},"class_list":["post-113","page","type-page","status-publish","hentry"],"yoast_head":"<title>Satzung - Partnerschaftskreis Waltrop Cesson-S\u00e9vign\u00e9 e.V.<\/title>\n<meta name=\"robots\" content=\"index, follow, max-snippet:-1, max-image-preview:large, max-video-preview:-1\" \/>\n<link rel=\"canonical\" href=\"https:\/\/partnerschaftskreis-waltrop-cesson.de\/fr\/verein\/satzung\/\" \/>\n<meta property=\"og:locale\" content=\"fr_FR\" \/>\n<meta property=\"og:type\" content=\"article\" \/>\n<meta property=\"og:title\" content=\"Satzung - Partnerschaftskreis Waltrop Cesson-S\u00e9vign\u00e9 e.V.\" \/>\n<meta property=\"og:description\" content=\"SatzungDownloade unsere Vereinssatzung \u00fcber das nebenstehende Download-Icon.Vereinssatzung\" \/>\n<meta property=\"og:url\" content=\"https:\/\/partnerschaftskreis-waltrop-cesson.de\/fr\/verein\/satzung\/\" \/>\n<meta property=\"og:site_name\" content=\"Partnerschaftskreis Waltrop Cesson-S\u00e9vign\u00e9 e.V.\" \/>\n<meta property=\"article:modified_time\" content=\"2023-01-13T17:12:25+00:00\" \/>\n<meta name=\"twitter:card\" content=\"summary_large_image\" \/>\n<script type=\"application\/ld+json\" class=\"yoast-schema-graph\">{\"@context\":\"https:\/\/schema.org\",\"@graph\":[{\"@type\":\"WebPage\",\"@id\":\"https:\/\/partnerschaftskreis-waltrop-cesson.de\/verein\/satzung\/\",\"url\":\"https:\/\/partnerschaftskreis-waltrop-cesson.de\/verein\/satzung\/\",\"name\":\"Satzung - Partnerschaftskreis Waltrop Cesson-S\u00e9vign\u00e9 e.V.\",\"isPartOf\":{\"@id\":\"https:\/\/partnerschaftskreis-waltrop-cesson.de\/#website\"},\"datePublished\":\"2023-01-12T18:56:29+00:00\",\"dateModified\":\"2023-01-13T17:12:25+00:00\",\"breadcrumb\":{\"@id\":\"https:\/\/partnerschaftskreis-waltrop-cesson.de\/verein\/satzung\/#breadcrumb\"},\"inLanguage\":\"fr-FR\",\"potentialAction\":[{\"@type\":\"ReadAction\",\"target\":[\"https:\/\/partnerschaftskreis-waltrop-cesson.de\/verein\/satzung\/\"]}]},{\"@type\":\"BreadcrumbList\",\"@id\":\"https:\/\/partnerschaftskreis-waltrop-cesson.de\/verein\/satzung\/#breadcrumb\",\"itemListElement\":[{\"@type\":\"ListItem\",\"position\":1,\"name\":\"Startseite\",\"item\":\"https:\/\/partnerschaftskreis-waltrop-cesson.de\/\"},{\"@type\":\"ListItem\",\"position\":2,\"name\":\"Verein\",\"item\":\"https:\/\/partnerschaftskreis-waltrop-cesson.de\/?page_id=47\"},{\"@type\":\"ListItem\",\"position\":3,\"name\":\"Satzung\"}]},{\"@type\":\"WebSite\",\"@id\":\"https:\/\/partnerschaftskreis-waltrop-cesson.de\/#website\",\"url\":\"https:\/\/partnerschaftskreis-waltrop-cesson.de\/\",\"name\":\"Partnerschaftskreis Waltrop Cesson-S\u00e9vign\u00e9 e.V.\",\"description\":\"St\u00e4dtepartnerschaft Waltrop - Cesson-S\u00e9vign\u00e9\",\"potentialAction\":[{\"@type\":\"SearchAction\",\"target\":{\"@type\":\"EntryPoint\",\"urlTemplate\":\"https:\/\/partnerschaftskreis-waltrop-cesson.de\/?s={search_term_string}\"},\"query-input\":{\"@type\":\"PropertyValueSpecification\",\"valueRequired\":true,\"valueName\":\"search_term_string\"}}],\"inLanguage\":\"fr-FR\"}]}<\/script>","yoast_head_json":{"title":"Satzung - Partnerschaftskreis Waltrop Cesson-S\u00e9vign\u00e9 e.V.","robots":{"index":"index","follow":"follow","max-snippet":"max-snippet:-1","max-image-preview":"max-image-preview:large","max-video-preview":"max-video-preview:-1"},"canonical":"https:\/\/partnerschaftskreis-waltrop-cesson.de\/fr\/verein\/satzung\/","og_locale":"fr_FR","og_type":"article","og_title":"Satzung - Partnerschaftskreis Waltrop Cesson-S\u00e9vign\u00e9 e.V.","og_description":"SatzungDownloade unsere Vereinssatzung \u00fcber das nebenstehende Download-Icon.Vereinssatzung","og_url":"https:\/\/partnerschaftskreis-waltrop-cesson.de\/fr\/verein\/satzung\/","og_site_name":"Partnerschaftskreis Waltrop Cesson-S\u00e9vign\u00e9 e.V.","article_modified_time":"2023-01-13T17:12:25+00:00","twitter_card":"summary_large_image","schema":{"@context":"https:\/\/schema.org","@graph":[{"@type":"WebPage","@id":"https:\/\/partnerschaftskreis-waltrop-cesson.de\/verein\/satzung\/","url":"https:\/\/partnerschaftskreis-waltrop-cesson.de\/verein\/satzung\/","name":"Satzung - Partnerschaftskreis Waltrop Cesson-S\u00e9vign\u00e9 e.V.","isPartOf":{"@id":"https:\/\/partnerschaftskreis-waltrop-cesson.de\/#website"},"datePublished":"2023-01-12T18:56:29+00:00","dateModified":"2023-01-13T17:12:25+00:00","breadcrumb":{"@id":"https:\/\/partnerschaftskreis-waltrop-cesson.de\/verein\/satzung\/#breadcrumb"},"inLanguage":"fr-FR","potentialAction":[{"@type":"ReadAction","target":["https:\/\/partnerschaftskreis-waltrop-cesson.de\/verein\/satzung\/"]}]},{"@type":"BreadcrumbList","@id":"https:\/\/partnerschaftskreis-waltrop-cesson.de\/verein\/satzung\/#breadcrumb","itemListElement":[{"@type":"ListItem","position":1,"name":"Startseite","item":"https:\/\/partnerschaftskreis-waltrop-cesson.de\/"},{"@type":"ListItem","position":2,"name":"Verein","item":"https:\/\/partnerschaftskreis-waltrop-cesson.de\/?page_id=47"},{"@type":"ListItem","position":3,"name":"Satzung"}]},{"@type":"WebSite","@id":"https:\/\/partnerschaftskreis-waltrop-cesson.de\/#website","url":"https:\/\/partnerschaftskreis-waltrop-cesson.de\/","name":"Partnerschaftskreis Waltrop Cesson-S\u00e9vign\u00e9 e.V.","description":"St\u00e4dtepartnerschaft Waltrop - Cesson-S\u00e9vign\u00e9","potentialAction":[{"@type":"SearchAction","target":{"@type":"EntryPoint","urlTemplate":"https:\/\/partnerschaftskreis-waltrop-cesson.de\/?s={search_term_string}"},"query-input":{"@type":"PropertyValueSpecification","valueRequired":true,"valueName":"search_term_string"}}],"inLanguage":"fr-FR"}]}},"_links":{"self":[{"href":"https:\/\/partnerschaftskreis-waltrop-cesson.de\/fr\/wp-json\/wp\/v2\/pages\/113"}],"collection":[{"href":"https:\/\/partnerschaftskreis-waltrop-cesson.de\/fr\/wp-json\/wp\/v2\/pages"}],"about":[{"href":"https:\/\/partnerschaftskreis-waltrop-cesson.de\/fr\/wp-json\/wp\/v2\/types\/page"}],"author":[{"embeddable":true,"href":"https:\/\/partnerschaftskreis-waltrop-cesson.de\/fr\/wp-json\/wp\/v2\/users\/1"}],"replies":[{"embeddable":true,"href":"https:\/\/partnerschaftskreis-waltrop-cesson.de\/fr\/wp-json\/wp\/v2\/comments?post=113"}],"version-history":[{"count":7,"href":"https:\/\/partnerschaftskreis-waltrop-cesson.de\/fr\/wp-json\/wp\/v2\/pages\/113\/revisions"}],"predecessor-version":[{"id":146,"href":"https:\/\/partnerschaftskreis-waltrop-cesson.de\/fr\/wp-json\/wp\/v2\/pages\/113\/revisions\/146"}],"up":[{"embeddable":true,"href":"https:\/\/partnerschaftskreis-waltrop-cesson.de\/fr\/wp-json\/wp\/v2\/pages\/47"}],"wp:attachment":[{"href":"https:\/\/partnerschaftskreis-waltrop-cesson.de\/fr\/wp-json\/wp\/v2\/media?parent=113"}],"curies":[{"name":"wp","href":"https:\/\/api.w.org\/{rel}","templated":true}]}}