{"id":61,"date":"2023-01-10T19:36:22","date_gmt":"2023-01-10T19:36:22","guid":{"rendered":"https:\/\/partnerschaftskreis-waltrop-cesson.de\/?page_id=61"},"modified":"2026-01-04T16:54:32","modified_gmt":"2026-01-04T16:54:32","slug":"termine","status":"publish","type":"page","link":"https:\/\/partnerschaftskreis-waltrop-cesson.de\/fr\/termine\/","title":{"rendered":"Dates \u00e0 retenir"},"content":{"rendered":"<p>[et_pb_section fb_built=&#8220;1&#8243; admin_label=&#8220;Header&#8220; _builder_version=&#8220;4.20.0&#8243; _module_preset=&#8220;default&#8220; custom_margin=&#8220;0px||0px||true|false&#8220; custom_padding=&#8220;0px||0px||true|false&#8220; bottom_divider_color=&#8220;#FFFFFF&#8220; bottom_divider_arrangement=&#8220;above_content&#8220; bottom_divider_height_tablet=&#8220;&#8220; bottom_divider_height_phone=&#8220;50px&#8220; bottom_divider_height_last_edited=&#8220;on|phone&#8220; locked=&#8220;off&#8220; global_colors_info=&#8220;{}&#8220;][et_pb_row _builder_version=&#8220;4.19.5&#8243; _module_preset=&#8220;default&#8220; width=&#8220;100%&#8220; max_width=&#8220;none&#8220; custom_margin=&#8220;0px||0px||true|false&#8220; custom_padding=&#8220;0px||0px||true|false&#8220; global_colors_info=&#8220;{}&#8220;][et_pb_column type=&#8220;4_4&#8243; _builder_version=&#8220;4.19.5&#8243; _module_preset=&#8220;default&#8220; custom_padding=&#8220;0px||0px||true|false&#8220; global_colors_info=&#8220;{}&#8220;][et_pb_slider _builder_version=&#8220;4.20.0&#8243; _module_preset=&#8220;default&#8220; header_font=&#8220;|300|||||||&#8220; header_text_color=&#8220;#FFFFFF&#8220; header_font_size=&#8220;60px&#8220; height=&#8220;250px&#8220; height_tablet=&#8220;200px&#8220; height_phone=&#8220;150px&#8220; height_last_edited=&#8220;on|phone&#8220; custom_margin=&#8220;0px||0px||false|false&#8220; custom_padding=&#8220;60px||0px||false|false&#8220; header_font_size_tablet=&#8220;35px&#8220; header_font_size_phone=&#8220;25px&#8220; header_font_size_last_edited=&#8220;on|phone&#8220; global_colors_info=&#8220;{}&#8220;][et_pb_slide heading=&#8220;Termine&#8220; _builder_version=&#8220;4.20.0&#8243; _module_preset=&#8220;default&#8220; header_font=&#8220;|300||on|||||&#8220; background_color=&#8220;gcid-e55cf6f0-37dd-4b92-924a-02e206890677&#8243; background_enable_color=&#8220;on&#8220; background_enable_image=&#8220;off&#8220; header_font_size_tablet=&#8220;35px&#8220; header_font_size_phone=&#8220;25px&#8220; header_font_size_last_edited=&#8220;on|phone&#8220; header_text_shadow_style=&#8220;preset3&#8243; global_colors_info=&#8220;{%22gcid-e55cf6f0-37dd-4b92-924a-02e206890677%22:%91%22background_color%22%93}&#8220; sticky_transition=&#8220;on&#8220;][\/et_pb_slide][\/et_pb_slider][\/et_pb_column][\/et_pb_row][\/et_pb_section][et_pb_section fb_built=&#8220;1&#8243; custom_padding_last_edited=&#8220;on|phone&#8220; admin_label=&#8220;Timer&#8220; _builder_version=&#8220;4.20.0&#8243; _module_preset=&#8220;default&#8220; background_color=&#8220;#000000&#8243; background_image=&#8220;http:\/\/partnerschaftskreis-waltrop-cesson.de\/wp-content\/uploads\/2023\/01\/Aktuelles.png&#8220; parallax=&#8220;on&#8220; custom_margin=&#8220;0px||0px||true|false&#8220; custom_padding=&#8220;250px||250px||true|false&#8220; custom_padding_tablet=&#8220;150px||150px||true|false&#8220; custom_padding_phone=&#8220;80px||80px||true|false&#8220; top_divider_style=&#8220;slant&#8220; top_divider_color=&#8220;gcid-e55cf6f0-37dd-4b92-924a-02e206890677&#8243; top_divider_height_tablet=&#8220;50px&#8220; top_divider_height_phone=&#8220;50px&#8220; top_divider_height_last_edited=&#8220;on|phone&#8220; bottom_divider_style=&#8220;slant&#8220; bottom_divider_color=&#8220;#FFFFFF&#8220; bottom_divider_height_tablet=&#8220;50px&#8220; bottom_divider_height_phone=&#8220;50px&#8220; bottom_divider_height_last_edited=&#8220;on|phone&#8220; global_colors_info=&#8220;{%22gcid-e55cf6f0-37dd-4b92-924a-02e206890677%22:%91%22top_divider_color%22%93}&#8220;][et_pb_row _builder_version=&#8220;4.20.0&#8243; _module_preset=&#8220;default&#8220; max_width=&#8220;none&#8220; global_colors_info=&#8220;{}&#8220;][et_pb_column type=&#8220;4_4&#8243; _builder_version=&#8220;4.19.5&#8243; _module_preset=&#8220;default&#8220; global_colors_info=&#8220;{}&#8220;][et_pb_text content_tablet=&#8220;<\/p>\n<p>N\u00e4chster deutsch-franz\u00f6sischer Austausch<\/p>\n<p>&#8220; content_phone=&#8220;<\/p>\n<p>N\u00e4chster<br \/>Austausch<\/p>\n<p>&#8220; content_last_edited=&#8220;on|phone&#8220; _builder_version=&#8220;4.20.0&#8243; _module_preset=&#8220;default&#8220; text_font=&#8220;|300||on|||||&#8220; text_text_color=&#8220;#FFFFFF&#8220; text_font_size=&#8220;35px&#8220; text_line_height=&#8220;1.3em&#8220; text_orientation=&#8220;center&#8220; width=&#8220;60%&#8220; width_tablet=&#8220;60%&#8220; width_phone=&#8220;100%&#8220; width_last_edited=&#8220;on|phone&#8220; module_alignment=&#8220;center&#8220; text_font_size_tablet=&#8220;35px&#8220; text_font_size_phone=&#8220;25px&#8220; text_font_size_last_edited=&#8220;on|phone&#8220; text_text_shadow_style=&#8220;preset3&#8243; text_text_shadow_color=&#8220;#000000&#8243; global_colors_info=&#8220;{}&#8220;]<\/p>\n<p>N\u00e4chster deutsch-franz\u00f6sischer Austausch<\/p>\n<p>[\/et_pb_text][et_pb_countdown_timer date_time=&#8220;2026-05-14 09:00&#8243; _builder_version=&#8220;4.27.5&#8243; _module_preset=&#8220;default&#8220; header_font=&#8220;|300||on|||||&#8220; header_font_size=&#8220;36px&#8220; header_line_height=&#8220;1.2em&#8220; numbers_font=&#8220;|300|||||||&#8220; numbers_text_color=&#8220;gcid-e55cf6f0-37dd-4b92-924a-02e206890677&#8243; numbers_font_size=&#8220;60px&#8220; separator_font=&#8220;|700|||||||&#8220; separator_text_color=&#8220;#FFFFFF&#8220; separator_font_size=&#8220;60px&#8220; label_text_color=&#8220;gcid-e55cf6f0-37dd-4b92-924a-02e206890677&#8243; background_color=&#8220;RGBA(255,255,255,0)&#8220; custom_margin_phone=&#8220;||||true|false&#8220; custom_margin_last_edited=&#8220;off|phone&#8220; custom_padding_phone=&#8220;||||true|false&#8220; custom_padding_last_edited=&#8220;off|phone&#8220; hover_enabled=&#8220;0&#8243; numbers_font_size_tablet=&#8220;60px&#8220; numbers_font_size_phone=&#8220;35px&#8220; numbers_font_size_last_edited=&#8220;on|phone&#8220; separator_font_size_tablet=&#8220;60px&#8220; separator_font_size_phone=&#8220;35px&#8220; separator_font_size_last_edited=&#8220;on|phone&#8220; custom_css_title=&#8220;margin-bottom: 80px;&#8220; header_text_shadow_style=&#8220;preset3&#8243; header_text_shadow_color=&#8220;#000000&#8243; global_colors_info=&#8220;{%22gcid-e55cf6f0-37dd-4b92-924a-02e206890677%22:%91%22numbers_text_color%22,%22label_text_color%22%93}&#8220; custom_css_main_element_last_edited=&#8220;on|phone&#8220; sticky_enabled=&#8220;0&#8243;][\/et_pb_countdown_timer][\/et_pb_column][\/et_pb_row][\/et_pb_section][et_pb_section fb_built=&#8220;1&#8243; _builder_version=&#8220;4.19.5&#8243; _module_preset=&#8220;default&#8220; background_color=&#8220;RGBA(255,255,255,0)&#8220; global_colors_info=&#8220;{}&#8220;][et_pb_row _builder_version=&#8220;4.20.0&#8243; _module_preset=&#8220;default&#8220; width=&#8220;40%&#8220; width_tablet=&#8220;60%&#8220; width_phone=&#8220;80%&#8220; width_last_edited=&#8220;on|desktop&#8220; max_width=&#8220;none&#8220; custom_margin_tablet=&#8220;&#8220; custom_margin_phone=&#8220;&#8220; custom_margin_last_edited=&#8220;on|phone&#8220; custom_padding=&#8220;0px||||false|false&#8220; global_colors_info=&#8220;{}&#8220;][et_pb_column type=&#8220;4_4&#8243; _builder_version=&#8220;4.19.5&#8243; _module_preset=&#8220;default&#8220; global_colors_info=&#8220;{}&#8220;][et_pb_text content_tablet=&#8220;<\/p>\n<h1>Termin\u00fcbersicht<\/h1>\n<p>Im nachfolgenden Google Kalender findest Du alle aktuellen Termine. Nutze die M\u00f6glichkeit und kopiere Dir die Ereignisse direkt in Deinen Kalender.<\/p>\n<p>&#8220; content_phone=&#8220;<\/p>\n<h1>Termin-<br \/>\u00fcbersicht<\/h1>\n<p>Im nachfolgenden Google Kalender findest Du alle aktuellen Termine. Nutze die M\u00f6glichkeit und kopiere Dir die Ereignisse direkt in Deinen Kalender.<\/p>\n<p>&#8220; content_last_edited=&#8220;on|tablet&#8220; _builder_version=&#8220;4.20.0&#8243; _module_preset=&#8220;default&#8220; text_text_color=&#8220;#000000&#8243; header_font=&#8220;|300||on|||||&#8220; header_text_color=&#8220;#000000&#8243; header_font_size=&#8220;35px&#8220; header_line_height=&#8220;1.2em&#8220; header_font_size_tablet=&#8220;35px&#8220; header_font_size_phone=&#8220;25px&#8220; header_font_size_last_edited=&#8220;on|phone&#8220; global_colors_info=&#8220;{}&#8220; content__hover_enabled=&#8220;off|desktop&#8220; content__hover=&#8220;<\/p>\n<h1>Termin-<br \/>\u00fcbersicht<\/h1>\n<p>Im nachfolgenden Google Kalender finden Sie alle aktuellen Termine. Nutzen Sie die M\u00f6glichkeit und kopieren Sie sich Ereignisse direkt in Ihren Kalender.<\/p>\n<p>&#8222;]<\/p>\n<h1>Termin\u00fcbersicht<\/h1>\n<p>Im nachfolgenden Google Kalender findest Du alle aktuellen Termine. Nutze die M\u00f6glichkeit und kopiere Dir die Ereignisse direkt in Deinen Kalender.<\/p>\n<p>[\/et_pb_text][\/et_pb_column][\/et_pb_row][et_pb_row _builder_version=&#8220;4.19.5&#8243; _module_preset=&#8220;default&#8220; global_colors_info=&#8220;{}&#8220;][et_pb_column type=&#8220;4_4&#8243; _builder_version=&#8220;4.19.5&#8243; _module_preset=&#8220;default&#8220; global_colors_info=&#8220;{}&#8220;][et_pb_code raw_content_tablet=&#8220;<iframe src=%22https:\/\/calendar.google.com\/calendar\/embed?height=600&#038;wkst=2&#038;bgcolor=%23ffffff&#038;ctz=Europe%2FBerlin&#038;showTitle=0&#038;showDate=1&#038;showPrint=0&#038;showTabs=1&#038;showCalendars=0&#038;showTz=0&#038;src=cGFydG5lcnNjaGFmdHNrcmVpc0BnbWFpbC5jb20&#038;color=%23616161%22 style=%22border:solid 0px #3e4f63; padding:0px; background-color:#fff; %22 width=%22100%%22 height=%22500%22 frameborder=%220%22 scrolling=%22no%22><\/iframe><\/p>\n<style>\n<p> .et_pb_countdown_timer\n  {display: flex;\n    flex-direction: column;\n    align-items: center;\n    width: 100%; \n    padding:0px;\n    text-align: center;}<\/p>\n<p>  .et_pb_countdown_timer .sep {\n    padding-top:20px; \n\t\tcolor:#fff;  \n    margin-left: 5px; \n    margin-right: 5px; \n  }\n  .et_pb_countdown_timer .section.values{\n    background-color: #fff ;\n    margin-left:0px;\n    margin-right:0px;\n  \tmargin-top: 10px;\n    padding-top:15px;\n    padding-bottom:10px;\n    width:20%;\n  }<\/p>\n<p>  }<\/p>\n<\/style>\n<p>&#8220; raw_content_phone=&#8220;<iframe src=%22https:\/\/calendar.google.com\/calendar\/embed?height=600&#038;wkst=2&#038;bgcolor=%23ffffff&#038;ctz=Europe%2FBerlin&#038;showTitle=0&#038;showDate=1&#038;showPrint=0&#038;showTabs=1&#038;showCalendars=0&#038;showTz=0&#038;src=cGFydG5lcnNjaGFmdHNrcmVpc0BnbWFpbC5jb20&#038;color=%23616161%22 style=%22border:solid 0px #3e4f63; padding:0px; background-color:#fff; %22 width=%22100%%22 height=%22300%22 frameborder=%220%22 scrolling=%22no%22><\/iframe><\/p>\n<style>\n<p>  .et_pb_countdown_timer .sep {\n    padding-top:40px; \n\t\tcolor:#fff;  }<\/p>\n<p>  .et_pb_countdown_timer .section.values{\n    background-color:#fff;\n    margin-left:20px;\n    margin-right:20px;\n    padding-top:40px;\n    padding-bottom:40px;\n  }\n  .et_parallax_bg_wrap{\n    opacity:0.6;\n  }<\/p>\n<p>  \/**\/<\/p>\n<p>  \/**\/\n@media (max-width:980px) {<\/p>\n<p> .et_pb_countdown_timer\n  {display: flex;\n    flex-direction: column;\n    align-items: center;\n    width: 100%; \n    padding:0px;\n    text-align: center;}<\/p>\n<p>  .et_pb_countdown_timer .sep {\n    padding-top:20px; \n\t\tcolor:#fff;  \n  \tvisibility : hidden;\n\t\tposition: absolute; \n  }\n  .et_pb_countdown_timer .section.values{\n    background-color: #fff ;\n    margin-left:5px;\n    margin-right:5px;\n  \tmargin-top: 10px;\n    padding-top:15px;\n    padding-bottom:10px;\n    width:40%;\n  }<\/p>\n<p> \/* .et_pb_countdown_timer\n  {\n    width: 100%; \n    padding:0px;\n    text-align: center;}<\/p>\n<p>  .et_pb_countdown_timer .sep {\n    padding-top:20px; \n\t\tcolor:#fff;  \n  \tvisibility : hidden;\n\t\tposition: absolute; \n  }\n  .et_pb_countdown_timer .section.values{\n    background-color: #fff ;\n    margin-left:10px;\n    margin-right:10px;\n  \tmargin-top: 10px;\n    padding-top:15px;\n    padding-bottom:10px;\n    width:100%;\n  }*\/<\/p>\n<p>  }<\/p>\n<\/style>\n<p>&#8220; raw_content_last_edited=&#8220;on|tablet&#8220; _builder_version=&#8220;4.20.0&#8243; _module_preset=&#8220;default&#8220; global_colors_info=&#8220;{}&#8220;]<iframe loading=\"lazy\" src=\"https:\/\/calendar.google.com\/calendar\/embed?height=600&#038;wkst=2&#038;bgcolor=%23ffffff&#038;ctz=Europe%2FBerlin&#038;showTitle=0&#038;showDate=1&#038;showPrint=0&#038;showTabs=1&#038;showCalendars=0&#038;showTz=0&#038;src=cGFydG5lcnNjaGFmdHNrcmVpc0BnbWFpbC5jb20&#038;color=%23616161\" style=\"border:solid 0px #3e4f63; padding:0px; background-color:#fff; \" width=\"100%\" height=\"800\" frameborder=\"0\" scrolling=\"no\"><\/iframe><!-- [et_pb_line_break_holder] --><!-- [et_pb_line_break_holder] --><\/p>\n<style><!-- [et_pb_line_break_holder] --><!-- [et_pb_line_break_holder] -->  .et_pb_countdown_timer .sep {<!-- [et_pb_line_break_holder] -->    padding-top:40px; <!-- [et_pb_line_break_holder] -->\t\tcolor:#fff;  }<!-- [et_pb_line_break_holder] -->  <!-- [et_pb_line_break_holder] -->  .et_pb_countdown_timer .section.values{<!-- [et_pb_line_break_holder] -->    background-color:#fff;<!-- [et_pb_line_break_holder] -->    margin-left:20px;<!-- [et_pb_line_break_holder] -->    margin-right:20px;<!-- [et_pb_line_break_holder] -->    padding-top:40px;<!-- [et_pb_line_break_holder] -->    padding-bottom:40px;<!-- [et_pb_line_break_holder] -->  }<!-- [et_pb_line_break_holder] -->  .et_parallax_bg_wrap{<!-- [et_pb_line_break_holder] -->    opacity:0.6;<!-- [et_pb_line_break_holder] -->  }<!-- [et_pb_line_break_holder] -->  <!-- [et_pb_line_break_holder] -->  \/**\/<!-- [et_pb_line_break_holder] --><!-- [et_pb_line_break_holder] -->  \/**\/<!-- [et_pb_line_break_holder] -->@media (max-width:980px) {<!-- [et_pb_line_break_holder] -->  <!-- [et_pb_line_break_holder] --> \/* .et_pb_countdown_timer<!-- [et_pb_line_break_holder] -->  {display: flex;<!-- [et_pb_line_break_holder] -->    flex-direction: column;<!-- [et_pb_line_break_holder] -->    align-items: center;<!-- [et_pb_line_break_holder] -->    width: 100%; <!-- [et_pb_line_break_holder] -->    padding:0px;<!-- [et_pb_line_break_holder] -->    text-align: center;}<!-- [et_pb_line_break_holder] -->  <!-- [et_pb_line_break_holder] -->  .et_pb_countdown_timer .sep {<!-- [et_pb_line_break_holder] -->    padding-top:20px; <!-- [et_pb_line_break_holder] -->\t\tcolor:#fff;  <!-- [et_pb_line_break_holder] -->  \tvisibility : hidden;<!-- [et_pb_line_break_holder] -->\t\tposition: absolute; <!-- [et_pb_line_break_holder] -->  }<!-- [et_pb_line_break_holder] -->  .et_pb_countdown_timer .section.values{<!-- [et_pb_line_break_holder] -->    background-color: #fff ;<!-- [et_pb_line_break_holder] -->    margin-left:10px;<!-- [et_pb_line_break_holder] -->    margin-right:10px;<!-- [et_pb_line_break_holder] -->  \tmargin-top: 20px;<!-- [et_pb_line_break_holder] -->    padding-top:15px;<!-- [et_pb_line_break_holder] -->    padding-bottom:10px;<!-- [et_pb_line_break_holder] -->    width:30%;<!-- [et_pb_line_break_holder] -->  }*\/<!-- [et_pb_line_break_holder] -->  <!-- [et_pb_line_break_holder] -->  .et_pb_countdown_timer<!-- [et_pb_line_break_holder] -->  {<!-- [et_pb_line_break_holder] -->    width: 100%; <!-- [et_pb_line_break_holder] -->    padding:0px;<!-- [et_pb_line_break_holder] -->    text-align: center;}<!-- [et_pb_line_break_holder] -->  <!-- [et_pb_line_break_holder] -->  .et_pb_countdown_timer .sep {<!-- [et_pb_line_break_holder] -->    padding-top:20px; <!-- [et_pb_line_break_holder] -->\t\tcolor:#fff;  <!-- [et_pb_line_break_holder] -->  \tvisibility : hidden;<!-- [et_pb_line_break_holder] -->\t\tposition: absolute; <!-- [et_pb_line_break_holder] -->  }<!-- [et_pb_line_break_holder] -->  .et_pb_countdown_timer .section.values{<!-- [et_pb_line_break_holder] -->    background-color: #fff ;<!-- [et_pb_line_break_holder] -->    margin-left:10px;<!-- [et_pb_line_break_holder] -->    margin-right:10px;<!-- [et_pb_line_break_holder] -->  \tmargin-top: 10px;<!-- [et_pb_line_break_holder] -->    padding-top:15px;<!-- [et_pb_line_break_holder] -->    padding-bottom:10px;<!-- [et_pb_line_break_holder] -->    width:100%;<!-- [et_pb_line_break_holder] -->  }<!-- [et_pb_line_break_holder] -->  <!-- [et_pb_line_break_holder] -->  }<!-- [et_pb_line_break_holder] -->  <!-- [et_pb_line_break_holder] -->  <!-- [et_pb_line_break_holder] --><\/style>\n<p>[\/et_pb_code][\/et_pb_column][\/et_pb_row][\/et_pb_section]<\/p>\n","protected":false},"excerpt":{"rendered":"<p>N\u00e4chster deutsch-franz\u00f6sischer AustauschTermin\u00fcbersicht Im nachfolgenden Google Kalender findest Du alle aktuellen Termine. Nutze die M\u00f6glichkeit und kopiere Dir die Ereignisse direkt in Deinen Kalender.<\/p>","protected":false},"author":1,"featured_media":0,"parent":0,"menu_order":3,"comment_status":"closed","ping_status":"closed","template":"","meta":{"_et_pb_use_builder":"on","_et_pb_old_content":"","_et_gb_content_width":"","footnotes":""},"class_list":["post-61","page","type-page","status-publish","hentry"],"yoast_head":"<title>Termine - Partnerschaftskreis Waltrop Cesson-S\u00e9vign\u00e9 e.V.<\/title>\n<meta name=\"robots\" content=\"index, follow, max-snippet:-1, max-image-preview:large, max-video-preview:-1\" \/>\n<link rel=\"canonical\" href=\"https:\/\/partnerschaftskreis-waltrop-cesson.de\/fr\/termine\/\" \/>\n<meta property=\"og:locale\" content=\"fr_FR\" \/>\n<meta property=\"og:type\" content=\"article\" \/>\n<meta property=\"og:title\" content=\"Termine - Partnerschaftskreis Waltrop Cesson-S\u00e9vign\u00e9 e.V.\" \/>\n<meta property=\"og:description\" content=\"N\u00e4chster deutsch-franz\u00f6sischer AustauschTermin\u00fcbersicht Im nachfolgenden Google Kalender findest Du alle aktuellen Termine. Nutze die M\u00f6glichkeit und kopiere Dir die Ereignisse direkt in Deinen Kalender.\" \/>\n<meta property=\"og:url\" content=\"https:\/\/partnerschaftskreis-waltrop-cesson.de\/fr\/termine\/\" \/>\n<meta property=\"og:site_name\" content=\"Partnerschaftskreis Waltrop Cesson-S\u00e9vign\u00e9 e.V.\" \/>\n<meta property=\"article:modified_time\" content=\"2026-01-04T16:54:32+00:00\" \/>\n<meta name=\"twitter:card\" content=\"summary_large_image\" \/>\n<script type=\"application\/ld+json\" class=\"yoast-schema-graph\">{\"@context\":\"https:\/\/schema.org\",\"@graph\":[{\"@type\":\"WebPage\",\"@id\":\"https:\/\/partnerschaftskreis-waltrop-cesson.de\/termine\/\",\"url\":\"https:\/\/partnerschaftskreis-waltrop-cesson.de\/termine\/\",\"name\":\"Termine - Partnerschaftskreis Waltrop Cesson-S\u00e9vign\u00e9 e.V.\",\"isPartOf\":{\"@id\":\"https:\/\/partnerschaftskreis-waltrop-cesson.de\/#website\"},\"datePublished\":\"2023-01-10T19:36:22+00:00\",\"dateModified\":\"2026-01-04T16:54:32+00:00\",\"breadcrumb\":{\"@id\":\"https:\/\/partnerschaftskreis-waltrop-cesson.de\/termine\/#breadcrumb\"},\"inLanguage\":\"fr-FR\",\"potentialAction\":[{\"@type\":\"ReadAction\",\"target\":[\"https:\/\/partnerschaftskreis-waltrop-cesson.de\/termine\/\"]}]},{\"@type\":\"BreadcrumbList\",\"@id\":\"https:\/\/partnerschaftskreis-waltrop-cesson.de\/termine\/#breadcrumb\",\"itemListElement\":[{\"@type\":\"ListItem\",\"position\":1,\"name\":\"Startseite\",\"item\":\"https:\/\/partnerschaftskreis-waltrop-cesson.de\/\"},{\"@type\":\"ListItem\",\"position\":2,\"name\":\"Termine\"}]},{\"@type\":\"WebSite\",\"@id\":\"https:\/\/partnerschaftskreis-waltrop-cesson.de\/#website\",\"url\":\"https:\/\/partnerschaftskreis-waltrop-cesson.de\/\",\"name\":\"Partnerschaftskreis Waltrop Cesson-S\u00e9vign\u00e9 e.V.\",\"description\":\"St\u00e4dtepartnerschaft Waltrop - Cesson-S\u00e9vign\u00e9\",\"potentialAction\":[{\"@type\":\"SearchAction\",\"target\":{\"@type\":\"EntryPoint\",\"urlTemplate\":\"https:\/\/partnerschaftskreis-waltrop-cesson.de\/?s={search_term_string}\"},\"query-input\":{\"@type\":\"PropertyValueSpecification\",\"valueRequired\":true,\"valueName\":\"search_term_string\"}}],\"inLanguage\":\"fr-FR\"}]}<\/script>","yoast_head_json":{"title":"Termine - Partnerschaftskreis Waltrop Cesson-S\u00e9vign\u00e9 e.V.","robots":{"index":"index","follow":"follow","max-snippet":"max-snippet:-1","max-image-preview":"max-image-preview:large","max-video-preview":"max-video-preview:-1"},"canonical":"https:\/\/partnerschaftskreis-waltrop-cesson.de\/fr\/termine\/","og_locale":"fr_FR","og_type":"article","og_title":"Termine - Partnerschaftskreis Waltrop Cesson-S\u00e9vign\u00e9 e.V.","og_description":"N\u00e4chster deutsch-franz\u00f6sischer AustauschTermin\u00fcbersicht Im nachfolgenden Google Kalender findest Du alle aktuellen Termine. Nutze die M\u00f6glichkeit und kopiere Dir die Ereignisse direkt in Deinen Kalender.","og_url":"https:\/\/partnerschaftskreis-waltrop-cesson.de\/fr\/termine\/","og_site_name":"Partnerschaftskreis Waltrop Cesson-S\u00e9vign\u00e9 e.V.","article_modified_time":"2026-01-04T16:54:32+00:00","twitter_card":"summary_large_image","schema":{"@context":"https:\/\/schema.org","@graph":[{"@type":"WebPage","@id":"https:\/\/partnerschaftskreis-waltrop-cesson.de\/termine\/","url":"https:\/\/partnerschaftskreis-waltrop-cesson.de\/termine\/","name":"Termine - Partnerschaftskreis Waltrop Cesson-S\u00e9vign\u00e9 e.V.","isPartOf":{"@id":"https:\/\/partnerschaftskreis-waltrop-cesson.de\/#website"},"datePublished":"2023-01-10T19:36:22+00:00","dateModified":"2026-01-04T16:54:32+00:00","breadcrumb":{"@id":"https:\/\/partnerschaftskreis-waltrop-cesson.de\/termine\/#breadcrumb"},"inLanguage":"fr-FR","potentialAction":[{"@type":"ReadAction","target":["https:\/\/partnerschaftskreis-waltrop-cesson.de\/termine\/"]}]},{"@type":"BreadcrumbList","@id":"https:\/\/partnerschaftskreis-waltrop-cesson.de\/termine\/#breadcrumb","itemListElement":[{"@type":"ListItem","position":1,"name":"Startseite","item":"https:\/\/partnerschaftskreis-waltrop-cesson.de\/"},{"@type":"ListItem","position":2,"name":"Termine"}]},{"@type":"WebSite","@id":"https:\/\/partnerschaftskreis-waltrop-cesson.de\/#website","url":"https:\/\/partnerschaftskreis-waltrop-cesson.de\/","name":"Partnerschaftskreis Waltrop Cesson-S\u00e9vign\u00e9 e.V.","description":"St\u00e4dtepartnerschaft Waltrop - Cesson-S\u00e9vign\u00e9","potentialAction":[{"@type":"SearchAction","target":{"@type":"EntryPoint","urlTemplate":"https:\/\/partnerschaftskreis-waltrop-cesson.de\/?s={search_term_string}"},"query-input":{"@type":"PropertyValueSpecification","valueRequired":true,"valueName":"search_term_string"}}],"inLanguage":"fr-FR"}]}},"_links":{"self":[{"href":"https:\/\/partnerschaftskreis-waltrop-cesson.de\/fr\/wp-json\/wp\/v2\/pages\/61"}],"collection":[{"href":"https:\/\/partnerschaftskreis-waltrop-cesson.de\/fr\/wp-json\/wp\/v2\/pages"}],"about":[{"href":"https:\/\/partnerschaftskreis-waltrop-cesson.de\/fr\/wp-json\/wp\/v2\/types\/page"}],"author":[{"embeddable":true,"href":"https:\/\/partnerschaftskreis-waltrop-cesson.de\/fr\/wp-json\/wp\/v2\/users\/1"}],"replies":[{"embeddable":true,"href":"https:\/\/partnerschaftskreis-waltrop-cesson.de\/fr\/wp-json\/wp\/v2\/comments?post=61"}],"version-history":[{"count":34,"href":"https:\/\/partnerschaftskreis-waltrop-cesson.de\/fr\/wp-json\/wp\/v2\/pages\/61\/revisions"}],"predecessor-version":[{"id":1385,"href":"https:\/\/partnerschaftskreis-waltrop-cesson.de\/fr\/wp-json\/wp\/v2\/pages\/61\/revisions\/1385"}],"wp:attachment":[{"href":"https:\/\/partnerschaftskreis-waltrop-cesson.de\/fr\/wp-json\/wp\/v2\/media?parent=61"}],"curies":[{"name":"wp","href":"https:\/\/api.w.org\/{rel}","templated":true}]}}